{"id":293,"date":"2018-09-10T00:53:52","date_gmt":"2018-09-10T04:53:52","guid":{"rendered":"http:\/\/beaudecor.ca\/?page_id=293"},"modified":"2018-09-11T21:37:59","modified_gmt":"2018-09-12T01:37:59","slug":"nous-joindre","status":"publish","type":"page","link":"https:\/\/beaudecor.ca\/fr\/nous-joindre\/","title":{"rendered":"Nous Joindre"},"content":{"rendered":"<p>[vc_row el_class=\u00a0\u00bbsection-padding\u00a0\u00bb][vc_column][vc_column_text]<\/p>\n<p style=\"text-align: center;\"><strong>LAVAL<br \/>\n<\/strong>4625 Rue Louis B Mayer, Laval, QC H7P 6G5<\/p>\n<p>[\/vc_column_text][\/vc_column][\/vc_row][vc_row][vc_column]\n\t\t<div class=\"contact_map\" style=\"height:400px\" data-map-style=\"0\" data-map-zoom=\"15\" data-map-zoom=\"15\" data-map-center-lat=\"45.5640248\" data-map-center-long=\"-73.7919672\" data-latlong='[{&quot;title&quot;:&quot;Beaudecor&quot;,&quot;lat_long&quot;:&quot;45.5640248,-73.7919672&quot;,&quot;image&quot;:&quot;&quot;,&quot;information&quot;:&quot;&quot;}]' data-pin-image=\"http:\/\/beaudecor.ca\/wp-content\/uploads\/2018\/01\/mapmarker.png\"><\/div>\n  \t\n  \t[\/vc_column][\/vc_row][vc_row el_class=\u00a0\u00bbsection-padding\u00a0\u00bb][vc_column width=\u00a0\u00bb1\/6&Prime;][\/vc_column][vc_column width=\u00a0\u00bb2\/3&Prime;][vc_column_text]<\/p>\n<h3 style=\"text-align: center;\"><span style=\"color: #666666;\">Nous aimerions entendre de vous!<\/span><\/h3>\n<p style=\"text-align: center;\">Si vous avez des questions, des commentaires ou des pr\u00e9occupations concernant<br \/>\nnos produits, n&rsquo;h\u00e9sitez pas \u00e0 nous contacter.<\/p>\n<p>[\/vc_column_text][vc_empty_space]<div role=\"form\" class=\"wpcf7\" id=\"wpcf7-f438-o1\" lang=\"en-US\" dir=\"ltr\">\n<div class=\"screen-reader-response\"><\/div>\n<form action=\"\/fr\/wp-json\/wp\/v2\/pages\/293#wpcf7-f438-o1\" method=\"post\" class=\"wpcf7-form\" novalidate=\"novalidate\">\n<div style=\"display: none;\">\n<input type=\"hidden\" name=\"_wpcf7\" value=\"438\" \/>\n<input type=\"hidden\" name=\"_wpcf7_version\" value=\"5.1.3\" \/>\n<input type=\"hidden\" name=\"_wpcf7_locale\" value=\"en_US\" \/>\n<input type=\"hidden\" name=\"_wpcf7_unit_tag\" value=\"wpcf7-f438-o1\" \/>\n<input type=\"hidden\" name=\"_wpcf7_container_post\" value=\"0\" \/>\n<\/div>\n<div class=\"row\">\n<div class=\"small-6 columns\"> <label> Nom <\/label> <span class=\"wpcf7-form-control-wrap your-name\"><input type=\"text\" name=\"your-name\" value=\"\" size=\"40\" class=\"wpcf7-form-control wpcf7-text wpcf7-validates-as-required\" aria-required=\"true\" aria-invalid=\"false\" \/><\/span> <\/div>\n<div class=\"small-6 columns\"> <label> Courriel <\/label> <span class=\"wpcf7-form-control-wrap your-email\"><input type=\"email\" name=\"your-email\" value=\"\" size=\"40\" class=\"wpcf7-form-control wpcf7-text wpcf7-email wpcf7-validates-as-required wpcf7-validates-as-email\" aria-required=\"true\" aria-invalid=\"false\" \/><\/span> <\/div>\n<div class=\"small-12 columns\"> <label> Message <\/label> <span class=\"wpcf7-form-control-wrap your-message\"><textarea name=\"your-message\" cols=\"40\" rows=\"10\" class=\"wpcf7-form-control wpcf7-textarea wpcf7-validates-as-required\" aria-required=\"true\" aria-invalid=\"false\"><\/textarea><\/span> <\/div>\n<div class=\"small-12 columns text-center\"> <input type=\"submit\" value=\"Envoyer\" class=\"wpcf7-form-control wpcf7-submit\" \/> <\/div>\n<\/div>\n<div class=\"wpcf7-response-output wpcf7-display-none\"><\/div><\/form><\/div>[\/vc_column][vc_column width=\u00a0\u00bb1\/6&Prime;][\/vc_column][\/vc_row]<\/p>\n","protected":false},"excerpt":{"rendered":"<p>[vc_row el_class=\u00a0\u00bbsection-padding\u00a0\u00bb][vc_column][vc_column_text] LAVAL 4625 Rue Louis B Mayer, Laval, QC H7P 6G5 [\/vc_column_text][\/vc_column][\/vc_row][vc_row][vc_column][\/vc_column][\/vc_row][vc_row el_class=\u00a0\u00bbsection-padding\u00a0\u00bb][vc_column width=\u00a0\u00bb1\/6&Prime;][\/vc_column][vc_column width=\u00a0\u00bb2\/3&Prime;][vc_column_text] Nous aimerions entendre de vous! Si vous avez des questions, des commentaires ou des pr\u00e9occupations concernant nos produits, n&rsquo;h\u00e9sitez pas \u00e0 nous contacter. [\/vc_column_text][vc_empty_space][\/vc_column][vc_column width=\u00a0\u00bb1\/6&Prime;][\/vc_column][\/vc_row]<\/p>\n","protected":false},"author":3,"featured_media":0,"parent":0,"menu_order":0,"comment_status":"closed","ping_status":"closed","template":"","meta":[],"_links":{"self":[{"href":"https:\/\/beaudecor.ca\/fr\/wp-json\/wp\/v2\/pages\/293"}],"collection":[{"href":"https:\/\/beaudecor.ca\/fr\/wp-json\/wp\/v2\/pages"}],"about":[{"href":"https:\/\/beaudecor.ca\/fr\/wp-json\/wp\/v2\/types\/page"}],"author":[{"embeddable":true,"href":"https:\/\/beaudecor.ca\/fr\/wp-json\/wp\/v2\/users\/3"}],"replies":[{"embeddable":true,"href":"https:\/\/beaudecor.ca\/fr\/wp-json\/wp\/v2\/comments?post=293"}],"version-history":[{"count":2,"href":"https:\/\/beaudecor.ca\/fr\/wp-json\/wp\/v2\/pages\/293\/revisions"}],"predecessor-version":[{"id":469,"href":"https:\/\/beaudecor.ca\/fr\/wp-json\/wp\/v2\/pages\/293\/revisions\/469"}],"wp:attachment":[{"href":"https:\/\/beaudecor.ca\/fr\/wp-json\/wp\/v2\/media?parent=293"}],"curies":[{"name":"wp","href":"https:\/\/api.w.org\/{rel}","templated":true}]}}