{"id":290,"date":"2018-09-10T00:48:04","date_gmt":"2018-09-10T04:48:04","guid":{"rendered":"http:\/\/beaudecor.ca\/?page_id=290"},"modified":"2019-07-11T15:31:38","modified_gmt":"2019-07-11T19:31:38","slug":"a-propos","status":"publish","type":"page","link":"https:\/\/beaudecor.ca\/fr\/a-propos\/","title":{"rendered":"\u00c0 Propos"},"content":{"rendered":"<p>[vc_row el_class=\u00a0\u00bbsection-padding\u00a0\u00bb][vc_column width=\u00a0\u00bb1\/4&Prime;][\/vc_column][vc_column width=\u00a0\u00bb1\/2&Prime;]<img width=\"120\" height=\"138\" src=\"https:\/\/beaudecor.ca\/wp-content\/uploads\/2018\/01\/beaudecor-B.png\" class=\"animation top-to-bottom center  attachment-full\" alt=\"\" decoding=\"async\" loading=\"lazy\" \/>[vc_empty_space][vc_column_text]<\/p>\n<p style=\"text-align: center;\">Beaudecor est une entreprise jeune et dynamique fond\u00e9e sur deux id\u00e9es principales: cette diversit\u00e9 est essentielle et chaque client m\u00e9rite de voir se concr\u00e9tiser sa vision unique.<\/p>\n<p style=\"text-align: center;\">Gr\u00e2ce \u00e0 nos relations de travail \u00e9troites avec de nombreux fabricants, nous sommes en mesure d&rsquo;offrir \u00e0 nos clients une vaste gamme de produits \u00e0 usage commercial et r\u00e9sidentiel. Si vous ne trouvez pas ce que vous cherchez, nous sommes l\u00e0 pour travailler avec vous pour personnaliser les produits et pour que tout ce dont vous avez besoin soit fabriqu\u00e9 selon vos sp\u00e9cifications. Nous travaillons en \u00e9troite collaboration avec nos fabricants pour nous assurer que les produits sont con\u00e7us pour r\u00e9pondre \u00e0 vos go\u00fbts et \u00e0 vos besoins. Notre seul objectif est de nous assurer que nos clients sont toujours satisfaits.<\/p>\n<p>[\/vc_column_text][\/vc_column][vc_column width=\u00a0\u00bb1\/4&Prime;][\/vc_column][\/vc_row][vc_row css=\u00a0\u00bb.vc_custom_1516674465416{background-color: #f1f2f2 !important;}\u00a0\u00bb el_class=\u00a0\u00bbsection-padding\u00a0\u00bb][vc_column width=\u00a0\u00bb1\/3&Prime; offset=\u00a0\u00bbvc_col-xs-4&Prime;][vc_single_image image=\u00a0\u00bb33&Prime; img_size=\u00a0\u00bbfull\u00a0\u00bb alignment=\u00a0\u00bbcenter\u00a0\u00bb][vc_empty_space][vc_single_image image=\u00a0\u00bb36&Prime; img_size=\u00a0\u00bbfull\u00a0\u00bb alignment=\u00a0\u00bbcenter\u00a0\u00bb][\/vc_column][vc_column width=\u00a0\u00bb1\/3&Prime; offset=\u00a0\u00bbvc_col-xs-4&Prime;][vc_single_image image=\u00a0\u00bb34&Prime; img_size=\u00a0\u00bbfull\u00a0\u00bb alignment=\u00a0\u00bbcenter\u00a0\u00bb][vc_empty_space][vc_single_image image=\u00a0\u00bb37&Prime; img_size=\u00a0\u00bbfull\u00a0\u00bb alignment=\u00a0\u00bbcenter\u00a0\u00bb][\/vc_column][vc_column width=\u00a0\u00bb1\/3&Prime; offset=\u00a0\u00bbvc_col-xs-4&Prime;][vc_single_image image=\u00a0\u00bb35&Prime; img_size=\u00a0\u00bbfull\u00a0\u00bb alignment=\u00a0\u00bbcenter\u00a0\u00bb][vc_empty_space][vc_single_image image=\u00a0\u00bb38&Prime; img_size=\u00a0\u00bbfull\u00a0\u00bb alignment=\u00a0\u00bbcenter\u00a0\u00bb][\/vc_column][\/vc_row]<\/p>\n","protected":false},"excerpt":{"rendered":"<p>[vc_row el_class=\u00a0\u00bbsection-padding\u00a0\u00bb][vc_column width=\u00a0\u00bb1\/4&Prime;][\/vc_column][vc_column width=\u00a0\u00bb1\/2&Prime;][vc_empty_space][vc_column_text] Beaudecor est une entreprise jeune et dynamique fond\u00e9e sur deux id\u00e9es principales: cette diversit\u00e9 est essentielle et chaque client m\u00e9rite de voir se concr\u00e9tiser sa vision unique. Gr\u00e2ce \u00e0 nos relations de travail \u00e9troites avec de nombreux fabricants, nous sommes en mesure d&rsquo;offrir \u00e0 nos clients une vaste gamme de produits [&hellip;]<\/p>\n","protected":false},"author":3,"featured_media":0,"parent":0,"menu_order":0,"comment_status":"closed","ping_status":"closed","template":"","meta":[],"_links":{"self":[{"href":"https:\/\/beaudecor.ca\/fr\/wp-json\/wp\/v2\/pages\/290"}],"collection":[{"href":"https:\/\/beaudecor.ca\/fr\/wp-json\/wp\/v2\/pages"}],"about":[{"href":"https:\/\/beaudecor.ca\/fr\/wp-json\/wp\/v2\/types\/page"}],"author":[{"embeddable":true,"href":"https:\/\/beaudecor.ca\/fr\/wp-json\/wp\/v2\/users\/3"}],"replies":[{"embeddable":true,"href":"https:\/\/beaudecor.ca\/fr\/wp-json\/wp\/v2\/comments?post=290"}],"version-history":[{"count":2,"href":"https:\/\/beaudecor.ca\/fr\/wp-json\/wp\/v2\/pages\/290\/revisions"}],"predecessor-version":[{"id":634,"href":"https:\/\/beaudecor.ca\/fr\/wp-json\/wp\/v2\/pages\/290\/revisions\/634"}],"wp:attachment":[{"href":"https:\/\/beaudecor.ca\/fr\/wp-json\/wp\/v2\/media?parent=290"}],"curies":[{"name":"wp","href":"https:\/\/api.w.org\/{rel}","templated":true}]}}